{"id":212,"date":"2010-10-13T21:40:04","date_gmt":"2010-10-13T19:40:04","guid":{"rendered":"https:\/\/sockenseite.de\/wordpress\/"},"modified":"2018-06-13T21:11:19","modified_gmt":"2018-06-13T19:11:19","slug":"datenschutz","status":"publish","type":"page","link":"https:\/\/sockenseite.de\/wordpress\/impressum\/datenschutz\/","title":{"rendered":"Datenschutz"},"content":{"rendered":"<h2>Datenschutzerkl\u00e4rung<\/h2>\n<p>Als Betreiber von sockenseite.de nehme ich den Schutz personenbezogener Daten sehr ernst. Ich m\u00f6chte, dass Sie wissen, wann ich welche Daten speichere und wie sie verwendet werden.<\/p>\n<h3>Personenbezogene Daten<\/h3>\n<p>Personenbezogene Daten sind Informationen, die dazu genutzt werden k\u00f6nnen, Ihre Identit\u00e4t zu erfahren. Darunter fallen Informationen wie Ihr richtiger Name, Adresse, Postanschrift, Telefonnummer. Informationen, die nicht direkt mit Ihrer wirklichen Identit\u00e4t in Verbindung gebracht werden (wie zum Beispiel favorisierte Webseiten oder Anzahl der Nutzer einer Site) fallen nicht darunter.<\/p>\n<p>Sie k\u00f6nnen dieses Online-Angebot grunds\u00e4tzlich ohne Offenlegung Ihrer Identit\u00e4t nutzen. Lediglich bei Gewinnspielen (sollte ich jemals in die Verlegenheit kommen, ein solches durchzuf\u00fchren) werde ich Sie nach Ihrem Namen und nach anderen pers\u00f6nlichen Informationen fragen, die f\u00fcr die m\u00f6gliche Zusendung eines Gewinns n\u00f6tig sind. Eine Verwendung dieser Daten \u00fcber das Gewinnspiel hinaus findet nicht statt (ein Gewinnspiel selbst vermutlich auch nicht). Es unterliegt Ihrer freien Entscheidung, ob Sie diese Daten eingeben.<\/p>\n<p>In Verbindung mit Ihrem Zugriff werden auf unseren Servern ggf. Daten f\u00fcr Sicherungszwecke gespeichert, die m\u00f6glicherweise eine Identifizierung zulassen (zum Beispiel IP-Adresse, Datum, Uhrzeit und betrachtete Seiten). Es findet keine personenbezogene Verwertung so erhobener Daten statt. Die statistische Auswertung anonymisierter Datens\u00e4tze bleibt vorbehalten.<\/p>\n<h3>Dienste von Drittanbietern<\/h3>\n<p>Vereinzelt nutzt sockenseite.de die Dienste von Drittanbietern, die den Datenschutz- und Nutzungsbedingungen dieser Anbieter unterliegen k\u00f6nnen.<\/p>\n<h4><a name=\"Google\">Google<\/a><\/h4>\n<p>Die statistische Auswertung findet mittels Google Analytics statt. Hinweise zu den Bestimmungen von Google sind <a href=\"http:\/\/www.google.com\/intl\/de\/privacy.html\">hier<\/a> zu finden.<\/p>\n<p><!--\n\n<h4><a name=\"Facebook\">Facebook<\/a><\/h4>\n\n\n\n\n<p>Die Website sockenseite.de nutzt Social Plugins (Like Buttons, etc) des sozialen Netzwerkes facebook.com, welches von der Facebook Inc., 1601 S. California Ave, Palo Alto, CA 94304, USA betrieben wird.<\/p>\n\n\n\n\n\n<p>Sobald Sie das Blog von sockenseite.de besuchen, baut Ihr Browser eine direkte Verbindung zu den Servern von Facebook auf. Auch auf Unterseiten finden Sie die Plugins, die zeigen, welche anderen Facebook-Nutzer, u.a. auch Ihre Kontakte, Teile des Angebots von sockenseite.de nutzen und empfehlen. Der Inhalt des Plugins wird von Facebook direkt an Ihren Browser \u00fcbermittelt und von diesem in die Webseite eingebunden. Eine statistische Auswertung durch sockenseite.de erfolgt nicht.<\/p>\n\n\n\n\n\n<p>Durch die Integration der Plugins auf unseren Webseiten erh\u00e4lt Facebook die Info, dass Sie die entsprechende Seite unserer Webseite besucht haben. Soweit Sie bei Facebook eingeloggt sind, kann Facebook den Besuch Ihrem Facebook-Konto zuordnen. Wenn Sie das Plugin anklicken (zum Beispiel den \u00e2\u20ac\u0153Gef\u00e4llt mir\u00e2\u20ac\u009d-Button) oder einen Kommentar abgeben, wird die entsprechende Information von Ihrem Browser direkt an Facebook \u00fcbermittelt und dort gespeichert.<\/p>\n\n\n\n\n\n<p>Die <a href=\"http:\/\/www.facebook.com\/note.php?note_id=10150163898150301\">Datenschutzhinweise von Facebook<\/a> informieren Sie \u00fcber den Zweck und Umfang der Datenerhebung und die weitere Verarbeitung und Nutzung der Daten, diese erfolgt nicht durch uns, sondern durch Facebook. In den dortigen Privatsph\u00e4re-Einstellungen k\u00f6nnen Sie &Auml;nderungen konfigurieren.<\/p>\n\n\n\n\n\n<p>Wenn Sie nicht m\u00f6chten, dass Facebook \u00fcber Ihre Interaktion mit sockenseite.de Informationen sammelt, m\u00fcssen Sie sich vor Ihrem Besuch des Blogs von sockenseite.de bei Facebook ausloggen.<\/p>\n\n--><\/p>\n<h4><a name=\"AntispamBee\" color=\"black\">Antispam Bee<\/a><\/h4>\n<p>Antispam Bee untersucht abgesendete Kommentare nach m\u00f6glichem Spam. Das Plug-in sendet verf\u00fcgbare Netzwerkinformationen des Absenders (z.B. Hostname) heran und wertet diese anonym aus. Die Analyse erfolgt direkt im Blog ohne externe Dienste. Antispam Bee gleicht die URL, IP- und E-Mail-Adresse abgegebener Kommentare mit lokal verf\u00fcgbaren Werten der bereits als Spam gekennzeichneten Kommentare ab \u2013 diese befinden sich in der Blog-Datenbank.<\/p>\n<p>Antispam Bee sendet zur Feststellung der Sprache den Kommentartext \u00fcber eine HTTPS-Verbindung an den Online-Dienst <a href=\"https:\/\/translate.google.de\/\">Google \u00dcbersetzer<\/a>. Anderweitige Daten des Kommentators oder des verwendeten WordPress-Systems sind kein Bestandteil der \u00dcbertragung.<\/p>\n<p>Zur Ermittlung des geografischen Standortes sendet Antispam Bee die anonymisierte, also gek\u00fcrzte IP-Adresse des Kommentators \u00fcber eine HTTPS-Verbindung an die API des Online-Dienstes IP2Country. Anderweitige Daten des Kommentators oder des verwendeten WordPress-Systems sind kein Bestandteil der \u00dcbertragung.<\/p>\n<p><!--\n\n<h4><a name=\"Akismet\">Akismet<\/a><\/h4>\n\n\n\n\n\n<p>Akismet untersucht abgesendete Kommentare nach m\u00f6glichem Spam. Um dies zu bewerkstelligen, muss Akismet einige Daten (z.B. Ihre IP-Adresse und die von Ihnen angegebene E-Mail-Adresse) zu einem Server in die USA \u00fcbermitteln. Dort werden die Daten mit einer langen Liste von gesperrten W\u00f6rtern, Absender-Adressen, verwendeten Domains usw. verglichen. Die genaue Verfahrensweise ist unter <a href=\"http:\/\/akismet.com\/how\/\">http:\/\/akismet.com\/how\/<\/a> (englisch) bzw. <a href=\"http:\/\/de.wikipedia.org\/wiki\/Akismet\">http:\/\/de.wikipedia.org\/wiki\/Akismet<\/a> (deutsch) beschrieben.<\/p>\n\n\n\n\n\n<p>Sollten sich in Ihrem Kommentar gesperrte W\u00f6rter, E-Mail-Adressen, Domains o.\u00e4.  befinden, wird der Akismet-Filter eine Spam-Meldung zur\u00fcckgeben. Gleichzeitig werden Sie als potentieller Spammer eingestuft, weswegen die von Ihnen \u00fcbermittelten Daten auf dem Server von Akismet gespeichert werden, um weiteren Spam zu vermeiden. Ich habe keinerlei Einfluss darauf, welche Informationen dort dauerhaft gespeichert werden und kann diese auch nicht einsehen. Wenn Sie nicht m\u00f6chten, dass diese Daten \u00fcbermittelt werden, benutzen Sie bitte nicht die Kommentarfunktion dieses Blogs.<\/p>\n\n--><\/p>\n<h4>Einsatz von Cookies<\/h4>\n<p>Ich verwende gegenw\u00e4rtig keine so genannten &#8222;Cookies&#8220; (kleine Dateien mit Konfigurationsinformationen), kann aber nicht ausschlie\u00dfen, dass eingebundene Plugins solche verwenden.<\/p>\n<h3>Kommentarfunktion<\/h3>\n<p>Bei Kommentaren werden die Daten gespeichert, die der jeweilige Benutzer in den entsprechenden Formularfeldern hinterlassen hat. Die Datenerhebung dient der statistischen Auswertung bzw. der Anzeige von Kommentatoren-Namen. Zu SPAM-Abwehr wird das Plugin &#8222;Antispam Bee&#8220; eingesetzt (siehe <a href=\"#AntispamBee\">oben<\/a>). Ich gebe dar\u00fcberhinaus keine Nutzer-Daten oder Maildressen an Dritte weiter und versende keine Werbe-Mails.<\/p>\n<p>Die Kommentare in diesem Blog sind f\u00fcr jeden zug\u00e4nglich. Sie sollten Ihre Beitr\u00e4ge vor der Ver\u00f6ffentlichung sorgf\u00e4ltig darauf \u00fcberpr\u00fcfen, ob sie keine Angaben enthalten, die nicht f\u00fcr die \u00f6ffentlichkeit bestimmt sind. Sie m\u00fcssen damit rechnen, dass Ihre Beitr\u00e4ge in Suchmaschinen erfasst und auch ohne gezielten Aufruf unseres Angebotes weltweit zugreifbar werden. Die L\u00f6schung oder Korrektur solcher Eintr\u00e4ge l\u00e4sst sich bei ausl\u00e4ndischen Betreibern h\u00e4ufig nicht durchsetzen.<\/p>\n<h3>Weitergabe personenbezogener Informationen an Dritte<\/h3>\n<p>Ich gebe Ihre personenbezogenen Informationen nicht ohne Ihr ausdr\u00fcckliches Einverst\u00e4ndnis an Dritte weiter. Soweit ich gesetzlich oder per Gerichtsbeschluss dazu verpflichtet bin, werde ich Ihre Daten an auskunftsberechtigte Stellen \u00fcbermitteln.<\/p>\n<p>Im Falle von mir im Rahmen der Nutzung dieser Website aufgefallenen Gesetzesverst\u00f6\u00dfen behalte ich mir allerdings vor, auch ohne entsprechende gesetzliche oder gerichtliche Verpflichtung im Rahmen der gesetzlichen Vorschriften mir vorliegende personenbezogene Daten zur Strafverfolgung an die zust\u00e4ndigen Beh\u00f6rden weiterzugeben.<\/p>\n<h3>Recht auf Widerruf<\/h3>\n<p>Wenn Sie auf dieser Website personenbezogene Daten hinterlassen haben, k\u00f6nnen Sie diese jederzeit wieder l\u00f6schen lassen. Bitte beachten Sie, dass eine entsprechende Reaktion aufgrund eines v\u00f6llig normalen Arbeitslebens des Seitenbetreibers nicht in Echtzeit erfolgen kann.<\/p>\n<h3>Kinder<\/h3>\n<p>Personen unter 18 Jahren sollten ohne Zustimmung der Eltern oder Erziehungsberechtigten keine personenbezogenen Daten an diese Website \u00fcbermitteln.<\/p>\n<h3>Links zu anderen Websites<\/h3>\n<p>Mein Online-Angebot enth\u00e4lt Links zu anderen Websites. Ich habe keinen Einfluss darauf, dass deren Betreiber die Datenschutzbestimmungen einhalten.<\/p>\n<h3>Datenschutzbeauftragter<\/h3>\n<p>Ansprechpartner und Datenschutzbeauftragter von sockenseite.de ist Oliver Ding. E-Mail: <a href=\"mailto:webmaster@sockenseite.de?subject=Datenschutz auf sockenseite.de\">webmaster@sockenseite.de<\/a><\/p>\n<p>Mit der Nutzung von sockenseite.de gelten obige Bestimmungen als angenommen.<\/p>\n","protected":false},"excerpt":{"rendered":"<p>Datenschutzerkl\u00e4rung Als Betreiber von sockenseite.de nehme ich den Schutz personenbezogener Daten sehr ernst. Ich m\u00f6chte, dass Sie wissen, wann ich welche Daten speichere&hellip;<\/p>\n","protected":false},"author":1,"featured_media":0,"parent":44,"menu_order":0,"comment_status":"closed","ping_status":"closed","template":"","meta":{"footnotes":""},"class_list":["post-212","page","type-page","status-publish","hentry"],"_links":{"self":[{"href":"https:\/\/sockenseite.de\/wordpress\/wp-json\/wp\/v2\/pages\/212","targetHints":{"allow":["GET"]}}],"collection":[{"href":"https:\/\/sockenseite.de\/wordpress\/wp-json\/wp\/v2\/pages"}],"about":[{"href":"https:\/\/sockenseite.de\/wordpress\/wp-json\/wp\/v2\/types\/page"}],"author":[{"embeddable":true,"href":"https:\/\/sockenseite.de\/wordpress\/wp-json\/wp\/v2\/users\/1"}],"replies":[{"embeddable":true,"href":"https:\/\/sockenseite.de\/wordpress\/wp-json\/wp\/v2\/comments?post=212"}],"version-history":[{"count":0,"href":"https:\/\/sockenseite.de\/wordpress\/wp-json\/wp\/v2\/pages\/212\/revisions"}],"up":[{"embeddable":true,"href":"https:\/\/sockenseite.de\/wordpress\/wp-json\/wp\/v2\/pages\/44"}],"wp:attachment":[{"href":"https:\/\/sockenseite.de\/wordpress\/wp-json\/wp\/v2\/media?parent=212"}],"curies":[{"name":"wp","href":"https:\/\/api.w.org\/{rel}","templated":true}]}}