{"id":205,"date":"2010-10-13T21:38:50","date_gmt":"2010-10-13T19:38:50","guid":{"rendered":"https:\/\/sockenseite.de\/wordpress\/"},"modified":"2010-10-13T21:38:50","modified_gmt":"2010-10-13T19:38:50","slug":"agb","status":"publish","type":"page","link":"https:\/\/sockenseite.de\/wordpress\/impressum\/agb\/","title":{"rendered":"AGB"},"content":{"rendered":"<h1>Allgemeine Gesch\u00e4ftsbedingungen<\/h1>\n<ul>\n<li><a href=\"http:\/\/creativecommons.org\/licenses\/by-nc-sa\/3.0\/\"><img loading=\"lazy\" decoding=\"async\" src=\"http:\/\/i.creativecommons.org\/l\/by-nc-sa\/3.0\/88x31.png\" alt=\"Creative Commons Attribution-NonCommercial-ShareAlike 3.0 Unported License\" height=\"31\" width=\"88\" \/><\/a><br \/>\n\tDie verwendeten Texte sind, sofern nicht ausdr\u00fccklich anders angegeben, vollst\u00e4ndig von mir verfasst und unterliegen damit dem Urheberrecht von Oliver Ding. Sie sind unter der <a href=\"http:\/\/creativecommons.org\/licenses\/by-nc-sa\/3.0\/deed.de\">Creative-Commons-Lizenz BY-NC-SA<\/a> lizensiert. Der Nachdruck der Texte, auch auszugsweise, sowie deren On- und Offlinenutzung zu kommerziellen Zwecken ist vorbehaltlich meiner Zustimmung untersagt. Dies gilt insbesondere f\u00fcr kommerzielle Ver\u00f6ffentlichungen im World Wide Web, auf elektronischen Datentr\u00e4gern sowie in Print- oder Rundfunkmedien. Ausgenommen von diesem Copyright sind nur solche Elemente, bei denen ersichtlich ist, dass sie entweder zu einem fremden Link-Logo geh\u00f6ren oder einen anderen Quellenverweis enthalten.<\/li>\n<li>Sollte ich gegen irgendein bestehendes Copyright versto\u00dfen haben, so war dies nicht meine Absicht. Ich bitte darum, mir dies unverz\u00fcglich mitzuteilen, damit ich durch L\u00f6schung oder Quellenangabe umgehend f\u00fcr Abhilfe sorgen kann.<\/li>\n<li>Beachten Sie bitte auch die Bestimmungen zum <a href=\"https:\/\/sockenseite.de\/wordpress\/impressum\/datenschutz\/\">Datenschutz<\/a> Mit der Nutzung von sockenseite.de gelten die o.a. Bestimmungen als angenommen.<\/li>\n<li>Vielen Dank fuer die Einhaltung aller Sicherheitsvorschriften. <a href=\"http:\/\/www.bruhaha.de\/dsf.html\">[dsf 7.1]<\/a><\/li>\n<\/ul>\n","protected":false},"excerpt":{"rendered":"<p>Allgemeine Gesch\u00e4ftsbedingungen Die verwendeten Texte sind, sofern nicht ausdr\u00fccklich anders angegeben, vollst\u00e4ndig von mir verfasst und unterliegen damit dem Urheberrecht von Oliver Ding.&hellip;<\/p>\n","protected":false},"author":1,"featured_media":1840,"parent":44,"menu_order":0,"comment_status":"closed","ping_status":"closed","template":"onecolumn-page.php","meta":{"footnotes":""},"class_list":["post-205","page","type-page","status-publish","has-post-thumbnail","hentry"],"_links":{"self":[{"href":"https:\/\/sockenseite.de\/wordpress\/wp-json\/wp\/v2\/pages\/205","targetHints":{"allow":["GET"]}}],"collection":[{"href":"https:\/\/sockenseite.de\/wordpress\/wp-json\/wp\/v2\/pages"}],"about":[{"href":"https:\/\/sockenseite.de\/wordpress\/wp-json\/wp\/v2\/types\/page"}],"author":[{"embeddable":true,"href":"https:\/\/sockenseite.de\/wordpress\/wp-json\/wp\/v2\/users\/1"}],"replies":[{"embeddable":true,"href":"https:\/\/sockenseite.de\/wordpress\/wp-json\/wp\/v2\/comments?post=205"}],"version-history":[{"count":0,"href":"https:\/\/sockenseite.de\/wordpress\/wp-json\/wp\/v2\/pages\/205\/revisions"}],"up":[{"embeddable":true,"href":"https:\/\/sockenseite.de\/wordpress\/wp-json\/wp\/v2\/pages\/44"}],"wp:featuredmedia":[{"embeddable":true,"href":"https:\/\/sockenseite.de\/wordpress\/wp-json\/wp\/v2\/media\/1840"}],"wp:attachment":[{"href":"https:\/\/sockenseite.de\/wordpress\/wp-json\/wp\/v2\/media?parent=205"}],"curies":[{"name":"wp","href":"https:\/\/api.w.org\/{rel}","templated":true}]}}